{"id":83,"date":"2024-04-17T12:38:18","date_gmt":"2024-04-17T10:38:18","guid":{"rendered":"https:\/\/promeneursdunet01.fr\/?page_id=83"},"modified":"2026-02-13T15:24:37","modified_gmt":"2026-02-13T14:24:37","slug":"prochaines-rencontres","status":"publish","type":"page","link":"https:\/\/promeneursdunet01.fr\/?page_id=83","title":{"rendered":"Prochaines Rencontres"},"content":{"rendered":"\t\t<div data-elementor-type=\"wp-page\" data-elementor-id=\"83\" class=\"elementor elementor-83\" data-elementor-settings=\"{&quot;element_pack_global_tooltip_width&quot;:{&quot;unit&quot;:&quot;px&quot;,&quot;size&quot;:&quot;&quot;,&quot;sizes&quot;:[]},&quot;element_pack_global_tooltip_width_tablet&quot;:{&quot;unit&quot;:&quot;px&quot;,&quot;size&quot;:&quot;&quot;,&quot;sizes&quot;:[]},&quot;element_pack_global_tooltip_width_mobile&quot;:{&quot;unit&quot;:&quot;px&quot;,&quot;size&quot;:&quot;&quot;,&quot;sizes&quot;:[]},&quot;element_pack_global_tooltip_padding&quot;:{&quot;unit&quot;:&quot;px&quot;,&quot;top&quot;:&quot;&quot;,&quot;right&quot;:&quot;&quot;,&quot;bottom&quot;:&quot;&quot;,&quot;left&quot;:&quot;&quot;,&quot;isLinked&quot;:true},&quot;element_pack_global_tooltip_padding_tablet&quot;:{&quot;unit&quot;:&quot;px&quot;,&quot;top&quot;:&quot;&quot;,&quot;right&quot;:&quot;&quot;,&quot;bottom&quot;:&quot;&quot;,&quot;left&quot;:&quot;&quot;,&quot;isLinked&quot;:true},&quot;element_pack_global_tooltip_padding_mobile&quot;:{&quot;unit&quot;:&quot;px&quot;,&quot;top&quot;:&quot;&quot;,&quot;right&quot;:&quot;&quot;,&quot;bottom&quot;:&quot;&quot;,&quot;left&quot;:&quot;&quot;,&quot;isLinked&quot;:true},&quot;element_pack_global_tooltip_border_radius&quot;:{&quot;unit&quot;:&quot;px&quot;,&quot;top&quot;:&quot;&quot;,&quot;right&quot;:&quot;&quot;,&quot;bottom&quot;:&quot;&quot;,&quot;left&quot;:&quot;&quot;,&quot;isLinked&quot;:true},&quot;element_pack_global_tooltip_border_radius_tablet&quot;:{&quot;unit&quot;:&quot;px&quot;,&quot;top&quot;:&quot;&quot;,&quot;right&quot;:&quot;&quot;,&quot;bottom&quot;:&quot;&quot;,&quot;left&quot;:&quot;&quot;,&quot;isLinked&quot;:true},&quot;element_pack_global_tooltip_border_radius_mobile&quot;:{&quot;unit&quot;:&quot;px&quot;,&quot;top&quot;:&quot;&quot;,&quot;right&quot;:&quot;&quot;,&quot;bottom&quot;:&quot;&quot;,&quot;left&quot;:&quot;&quot;,&quot;isLinked&quot;:true}}\" data-elementor-post-type=\"page\">\n\t\t\t\t\t\t<section class=\"elementor-section elementor-top-section elementor-element elementor-element-b416c02 elementor-section-boxed elementor-section-height-default elementor-section-height-default\" data-id=\"b416c02\" data-element_type=\"section\">\n\t\t\t\t\t\t<div class=\"elementor-container elementor-column-gap-default\">\n\t\t\t\t\t<div class=\"elementor-column elementor-col-100 elementor-top-column elementor-element elementor-element-ff287df\" data-id=\"ff287df\" data-element_type=\"column\">\n\t\t\t<div class=\"elementor-widget-wrap elementor-element-populated\">\n\t\t\t\t\t\t<div class=\"elementor-element elementor-element-152fd6b elementor-widget elementor-widget-text-editor\" data-id=\"152fd6b\" data-element_type=\"widget\" data-widget_type=\"text-editor.default\">\n\t\t\t\t<div class=\"elementor-widget-container\">\n\t\t\t\t\t\t\t\t\t<p class=\"has-text-align-center\"><strong>CALENDRIER DES RENCONTRES DES PROMENEURS DU NET DE L&rsquo;AIN ANNEE 2026<\/strong><\/p>\n<table width=\"1031\">\n<tbody>\n<tr>\n<td width=\"194\">Date<\/td>\n<td width=\"254\">Action<\/td>\n<td width=\"243\">Intervenant<\/td>\n<td width=\"197\">Format<\/td>\n<td width=\"143\">\u00a0<\/td>\n<\/tr>\n<tr>\n<td>mardi 27 janvier 2026<\/td>\n<td>Formation La\u00efcit\u00e9<\/td>\n<td>Radouane Ouasti<\/td>\n<td>Journ\u00e9e \u2013 Pr\u00e9sentiel<\/td>\n<td>\u00a0<\/td>\n<\/tr>\n<tr>\n<td>jeudi 26 f\u00e9vrier 2026<\/td>\n<td>Quand les mineurs r\u00e9v\u00e8lent des agressions sexuelles \u00e0 des professionnels de l\u2019intervention sociale \u2013 Jour 1<\/td>\n<td>Intervenant sp\u00e9cialis\u00e9<\/td>\n<td>Journ\u00e9e \u2013 Pr\u00e9sentiel<\/td>\n<td>A REPROGRAMMER<\/td>\n<\/tr>\n<tr>\n<td>vendredi 27 f\u00e9vrier 2026<\/td>\n<td>Quand les mineurs r\u00e9v\u00e8lent des agressions sexuelles \u00e0 des professionnels de l\u2019intervention sociale \u2013 Jour 2<\/td>\n<td>Intervenant sp\u00e9cialis\u00e9<\/td>\n<td>Journ\u00e9e \u2013 Pr\u00e9sentiel<\/td>\n<td>A REPROGRAMMER<\/td>\n<\/tr>\n<tr>\n<td>jeudi 12 mars 2026<\/td>\n<td>Rencontre Actu du r\u00e9seau PDN<\/td>\n<td>Coordination PDN 01<\/td>\n<td>Demi-journ\u00e9e<\/td>\n<td>\u00a0<\/td>\n<\/tr>\n<tr>\n<td>jeudi 26 mars 2026<\/td>\n<td>\u00c9change de pratiques (visio)<\/td>\n<td>Vanessa Lalo<\/td>\n<td>Demi-journ\u00e9e \u2013 Distanciel<\/td>\n<td>\u00a0<\/td>\n<\/tr>\n<tr>\n<td>vendredi 27 mars 2026<\/td>\n<td>Quand les mineurs r\u00e9v\u00e8lent des agressions sexuelles \u00e0 des professionnels de l\u2019intervention sociale \u2013 Jour 3<\/td>\n<td>Intervenant sp\u00e9cialis\u00e9<\/td>\n<td>Journ\u00e9e \u2013 Pr\u00e9sentiel<\/td>\n<td>A REPROGRAMMER<\/td>\n<\/tr>\n<tr>\n<td>jeudi 23 avril 2026<\/td>\n<td>Journ\u00e9e nouveaux Promeneurs du Net<\/td>\n<td>Vanessa Lalo<\/td>\n<td>Journ\u00e9e \u2013 Pr\u00e9sentiel<\/td>\n<td>\u00a0<\/td>\n<\/tr>\n<tr>\n<td>jeudi 30 avril 2026<\/td>\n<td>Rencontre r\u00e9gionale AURA des Promeneurs du Net<\/td>\n<td>Coordination r\u00e9gionale<\/td>\n<td>Journ\u00e9e \u2013 Pr\u00e9sentiel<\/td>\n<td>\u00a0<\/td>\n<\/tr>\n<tr>\n<td>lundi 4 mai 2026<\/td>\n<td>PSSM Jeunes \u2013 Jour 1<\/td>\n<td>Organisme habilit\u00e9<\/td>\n<td>Journ\u00e9e \u2013 Pr\u00e9sentiel<\/td>\n<td>\u00a0<\/td>\n<\/tr>\n<tr>\n<td>mardi 5 mai 2026<\/td>\n<td>PSSM Jeunes \u2013 Jour 2<\/td>\n<td>Organisme habilit\u00e9<\/td>\n<td>Journ\u00e9e \u2013 Pr\u00e9sentiel<\/td>\n<td>\u00a0<\/td>\n<\/tr>\n<tr>\n<td>mardi 19 mai 2026<\/td>\n<td>\u00c9change de pratiques (visio)<\/td>\n<td>Vanessa Lalo<\/td>\n<td>Demi-journ\u00e9e \u2013 Distanciel<\/td>\n<td>\u00a0<\/td>\n<\/tr>\n<tr>\n<td>jeudi 4 juin 2026<\/td>\n<td>La bataille de l\u2019IA<\/td>\n<td>Intervenant sp\u00e9cialis\u00e9<\/td>\n<td>Journ\u00e9e \u2013 Pr\u00e9sentiel<\/td>\n<td>\u00a0<\/td>\n<\/tr>\n<tr>\n<td>mardi 30 juin 2026<\/td>\n<td>\u00c9change de pratiques (visio)<\/td>\n<td>Vanessa Lalo<\/td>\n<td>Demi-journ\u00e9e \u2013 Distanciel<\/td>\n<td>\u00a0<\/td>\n<\/tr>\n<tr>\n<td>mardi 15 septembre 2026<\/td>\n<td>Rencontre Actu du r\u00e9seau PDN<\/td>\n<td>Coordination PDN 01<\/td>\n<td>Demi-journ\u00e9e<\/td>\n<td>\u00a0<\/td>\n<\/tr>\n<tr>\n<td>jeudi 8 octobre 2026<\/td>\n<td>Journ\u00e9e nouveaux Promeneurs du Net<\/td>\n<td>Vanessa Lalo<\/td>\n<td>Journ\u00e9e \u2013 Pr\u00e9sentiel<\/td>\n<td>\u00a0<\/td>\n<\/tr>\n<tr>\n<td>jeudi 15 octobre 2026<\/td>\n<td>Intervention Arnaud Devigne<\/td>\n<td>Police nationale<\/td>\n<td>Demi-journ\u00e9e \u2013 Pr\u00e9sentiel<\/td>\n<td>\u00a0<\/td>\n<\/tr>\n<tr>\n<td>vendredi 13 novembre 2026<\/td>\n<td>Rencontre Actu du r\u00e9seau PDN<\/td>\n<td>Coordination PDN 01<\/td>\n<td>Demi-journ\u00e9e<\/td>\n<td>\u00a0<\/td>\n<\/tr>\n<tr>\n<td>mardi 17 novembre 2026<\/td>\n<td>Radio B \u2013 Podcast (Jour 1)<\/td>\n<td>Radio B<\/td>\n<td>Journ\u00e9e \u2013 Pr\u00e9sentiel<\/td>\n<td>\u00a0<\/td>\n<\/tr>\n<tr>\n<td>jeudi 19 novembre 2026<\/td>\n<td>Radio B \u2013 Podcast (Jour 2)<\/td>\n<td>Radio B<\/td>\n<td>Journ\u00e9e \u2013 Pr\u00e9sentiel<\/td>\n<td>\u00a0<\/td>\n<\/tr>\n<tr>\n<td>vendredi 20 novembre 2026<\/td>\n<td>Radio B \u2013 Podcast (Jour 3)<\/td>\n<td>Radio B<\/td>\n<td>Journ\u00e9e \u2013 Pr\u00e9sentiel<\/td>\n<td>\u00a0<\/td>\n<\/tr>\n<tr>\n<td>mardi 8 d\u00e9cembre 2026<\/td>\n<td>Radio B \u2013 EMI (Jour 1)<\/td>\n<td>Radio B<\/td>\n<td>Journ\u00e9e \u2013 Pr\u00e9sentiel<\/td>\n<td>\u00a0<\/td>\n<\/tr>\n<tr>\n<td>jeudi 10 d\u00e9cembre 2026<\/td>\n<td>Radio B \u2013 EMI (Jour 2)<\/td>\n<td>Radio B<\/td>\n<td>Journ\u00e9e \u2013 Pr\u00e9sentiel<\/td>\n<td>\u00a0<\/td>\n<\/tr>\n<tr>\n<td>vendredi 11 d\u00e9cembre 2026<\/td>\n<td>Radio B \u2013 EMI (Jour 3)<\/td>\n<td>Radio B<\/td>\n<td>Journ\u00e9e \u2013 Pr\u00e9sentiel<\/td>\n<td>\u00a0<\/td>\n<\/tr>\n<tr>\n<td>mardi 15 d\u00e9cembre 2026<\/td>\n<td>\u00c9change de pratiques (visio \u2013 cl\u00f4ture)<\/td>\n<td>Vanessa Lalo<\/td>\n<td>Demi-journ\u00e9e \u2013 Distanciel<\/td>\n<td>\u00a0<\/td>\n<\/tr>\n<\/tbody>\n<\/table>\t\t\t\t\t\t\t\t<\/div>\n\t\t\t\t<\/div>\n\t\t\t\t\t<\/div>\n\t\t<\/div>\n\t\t\t\t\t<\/div>\n\t\t<\/section>\n\t\t\t\t<section class=\"elementor-section elementor-top-section elementor-element elementor-element-157e30c elementor-section-boxed elementor-section-height-default elementor-section-height-default\" data-id=\"157e30c\" data-element_type=\"section\">\n\t\t\t\t\t\t<div class=\"elementor-container elementor-column-gap-default\">\n\t\t\t\t\t<div class=\"elementor-column elementor-col-100 elementor-top-column elementor-element elementor-element-6a72863\" data-id=\"6a72863\" data-element_type=\"column\">\n\t\t\t<div class=\"elementor-widget-wrap elementor-element-populated\">\n\t\t\t\t\t\t<div class=\"elementor-element elementor-element-bc33918 elementor-widget-divider--view-line elementor-widget elementor-widget-divider\" data-id=\"bc33918\" data-element_type=\"widget\" data-widget_type=\"divider.default\">\n\t\t\t\t<div class=\"elementor-widget-container\">\n\t\t\t\t\t\t\t<div class=\"elementor-divider\">\n\t\t\t<span class=\"elementor-divider-separator\">\n\t\t\t\t\t\t<\/span>\n\t\t<\/div>\n\t\t\t\t\t\t<\/div>\n\t\t\t\t<\/div>\n\t\t\t\t\t<\/div>\n\t\t<\/div>\n\t\t\t\t\t<\/div>\n\t\t<\/section>\n\t\t\t\t<section class=\"elementor-section elementor-top-section elementor-element elementor-element-e3e9f1d elementor-section-boxed elementor-section-height-default elementor-section-height-default\" data-id=\"e3e9f1d\" data-element_type=\"section\">\n\t\t\t\t\t\t<div class=\"elementor-container elementor-column-gap-default\">\n\t\t\t\t\t<div class=\"elementor-column elementor-col-100 elementor-top-column elementor-element elementor-element-d096c10\" data-id=\"d096c10\" data-element_type=\"column\">\n\t\t\t<div class=\"elementor-widget-wrap elementor-element-populated\">\n\t\t\t\t\t\t<div class=\"elementor-element elementor-element-6cb8dab elementor-widget elementor-widget-heading\" data-id=\"6cb8dab\" data-element_type=\"widget\" data-widget_type=\"heading.default\">\n\t\t\t\t<div class=\"elementor-widget-container\">\n\t\t\t\t\t<h2 class=\"elementor-heading-title elementor-size-default\">Formation avec Radio B<\/h2>\t\t\t\t<\/div>\n\t\t\t\t<\/div>\n\t\t\t\t\t<\/div>\n\t\t<\/div>\n\t\t\t\t\t<\/div>\n\t\t<\/section>\n\t\t\t\t<\/div>\n\t\t","protected":false},"excerpt":{"rendered":"<p>CALENDRIER DES RENCONTRES DES PROMENEURS DU NET DE L&rsquo;AIN ANNEE 2026 Date Action Intervenant Format \u00a0 mardi 27 janvier 2026 [&hellip;]<\/p>\n","protected":false},"author":1,"featured_media":0,"parent":0,"menu_order":0,"comment_status":"closed","ping_status":"closed","template":"","meta":{"site-sidebar-layout":"no-sidebar","site-content-layout":"","ast-site-content-layout":"full-width-container","site-content-style":"default","site-sidebar-style":"default","ast-global-header-display":"","ast-banner-title-visibility":"","ast-main-header-display":"","ast-hfb-above-header-display":"","ast-hfb-below-header-display":"","ast-hfb-mobile-header-display":"","site-post-title":"disabled","ast-breadcrumbs-content":"","ast-featured-img":"disabled","footer-sml-layout":"","ast-disable-related-posts":"","theme-transparent-header-meta":"","adv-header-id-meta":"","stick-header-meta":"","header-above-stick-meta":"","header-main-stick-meta":"","header-below-stick-meta":"","astra-migrate-meta-layouts":"default","ast-page-background-enabled":"default","ast-page-background-meta":{"desktop":{"background-color":"var(--ast-global-color-4)","background-image":"","background-repeat":"repeat","background-position":"center center","background-size":"auto","background-attachment":"scroll","background-type":"","background-media":"","overlay-type":"","overlay-color":"","overlay-opacity":"","overlay-gradient":""},"tablet":{"background-color":"","background-image":"","background-repeat":"repeat","background-position":"center center","background-size":"auto","background-attachment":"scroll","background-type":"","background-media":"","overlay-type":"","overlay-color":"","overlay-opacity":"","overlay-gradient":""},"mobile":{"background-color":"","background-image":"","background-repeat":"repeat","background-position":"center center","background-size":"auto","background-attachment":"scroll","background-type":"","background-media":"","overlay-type":"","overlay-color":"","overlay-opacity":"","overlay-gradient":""}},"ast-content-background-meta":{"desktop":{"background-color":"var(--ast-global-color-5)","background-image":"","background-repeat":"repeat","background-position":"center center","background-size":"auto","background-attachment":"scroll","background-type":"","background-media":"","overlay-type":"","overlay-color":"","overlay-opacity":"","overlay-gradient":""},"tablet":{"background-color":"var(--ast-global-color-5)","background-image":"","background-repeat":"repeat","background-position":"center center","background-size":"auto","background-attachment":"scroll","background-type":"","background-media":"","overlay-type":"","overlay-color":"","overlay-opacity":"","overlay-gradient":""},"mobile":{"background-color":"var(--ast-global-color-5)","background-image":"","background-repeat":"repeat","background-position":"center center","background-size":"auto","background-attachment":"scroll","background-type":"","background-media":"","overlay-type":"","overlay-color":"","overlay-opacity":"","overlay-gradient":""}},"footnotes":""},"class_list":["post-83","page","type-page","status-publish","hentry"],"aioseo_notices":[],"_links":{"self":[{"href":"https:\/\/promeneursdunet01.fr\/index.php?rest_route=\/wp\/v2\/pages\/83","targetHints":{"allow":["GET"]}}],"collection":[{"href":"https:\/\/promeneursdunet01.fr\/index.php?rest_route=\/wp\/v2\/pages"}],"about":[{"href":"https:\/\/promeneursdunet01.fr\/index.php?rest_route=\/wp\/v2\/types\/page"}],"author":[{"embeddable":true,"href":"https:\/\/promeneursdunet01.fr\/index.php?rest_route=\/wp\/v2\/users\/1"}],"replies":[{"embeddable":true,"href":"https:\/\/promeneursdunet01.fr\/index.php?rest_route=%2Fwp%2Fv2%2Fcomments&post=83"}],"version-history":[{"count":22,"href":"https:\/\/promeneursdunet01.fr\/index.php?rest_route=\/wp\/v2\/pages\/83\/revisions"}],"predecessor-version":[{"id":966,"href":"https:\/\/promeneursdunet01.fr\/index.php?rest_route=\/wp\/v2\/pages\/83\/revisions\/966"}],"wp:attachment":[{"href":"https:\/\/promeneursdunet01.fr\/index.php?rest_route=%2Fwp%2Fv2%2Fmedia&parent=83"}],"curies":[{"name":"wp","href":"https:\/\/api.w.org\/{rel}","templated":true}]}}